{"id":185,"date":"2020-08-09T14:34:06","date_gmt":"2020-08-09T12:34:06","guid":{"rendered":"https:\/\/www.thisa.cc\/?page_id=185"},"modified":"2022-02-10T13:24:45","modified_gmt":"2022-02-10T12:24:45","slug":"start","status":"publish","type":"page","link":"https:\/\/www.thisa.cc\/","title":{"rendered":"Start"},"content":{"rendered":"<p><section class=\"kc-elm kc-css-815964 kc_row\"><div class=\"kc-row-container  kc-container\"><div class=\"kc-wrap-columns\"><div class=\"kc-elm kc-css-767260 kc_col-sm-12 kc_column kc_col-sm-12\"><div class=\"kc-col-container\"><div class=\"kc-elm kc-css-412723\" style=\"height: 80px; clear: both; width:100%;\"><\/div>\n<div class=\"kc-elm kc-css-895222 kc-blog-posts kc-blog-posts-2 kc-image-align-both\">\n\t\n\t\t\n\t\t\t\t<div class=\"kc-list-item-2\">\n\n\t\t\t\t\t\n\t\t\t\t\t\t<div class=\"post-item-left\">\n\t\t\t\t\t\t\t<div class=\"post_details\">\n\t\t\t\t\t\t\t\t<h2 class=\"post-title-alt\"><a\n\t\t\t\t\t\t\t\t\t\thref=\"https:\/\/www.thisa.cc\/?p=536\"\n\t\t\t\t\t\t\t\t\t\ttitle=\"SUBsign | Ein Muss f\u00fcr jeden Twitch Zuschauer\">SUBsign | Ein Muss f\u00fcr jeden Twitch Zuschauer<\/a>\n\t\t\t\t\t\t\t\t<\/h2>\n\t\t\t\t\t\t\t\t\t\t\t\t\t\t\t\t\t<div class=\"post-meta\">\n\t\t\t\t\t\t\t\t\t\t\t\t\t\t\t\t\t\t\t\t\t<span class=\"kc-post-author\"><i class=\"fa fa-user\"><\/i>  <a\n\t\t\t\t\t\t\t\t\t\t\t\thref=\"https:\/\/www.thisa.cc\/?author=1\"\n\t\t\t\t\t\t\t\t\t\t\t\ttitle=\"Posts by Thisa\"\n\t\t\t\t\t\t\t\t\t\t\t\trel=\"author\">Thisa<\/a><\/span>\n\t\t\t\t\t\t\t\t\t\t\t\t\t\t\t\t\t\t\t\t\t\t\t\t\t\t\t\t\t\t\t<span class=\"post-date\"><i class=\"fa fa-clock-o\"><\/i> <a\n\t\t\t\t\t\t\t\t\t\t\t\thref=\"https:\/\/www.thisa.cc\/?m=202302\">Februar 4 2023<\/a> <\/span>\n\t\t\t\t\t\t\t\t\t\t\t\t\t\t\t\t\t\t\t\t\t\t\t\t\t\t\t\t\t\t\t\t\t\t\t\t\t\t\t\t\t\t\t<span class=\"post-cats\"><i class=\"fa fa-folder-o\"\n\t\t\t\t\t\t\t\t\t\t\t                           aria-hidden=\"true\"><\/i> <a href=\"https:\/\/www.thisa.cc\/?cat=1\" rel=\"category\">Allgemein<\/a><\/span>\n\t\t\t\t\t\t\t\t\t\t\t\t\t\t\t\t\t\t\t\t\t\t\t\t\t\t\t\t\t\t<\/div>\n\t\t\t\t\t\t\t\t\t\t\t\t\t\t\t<\/div>\n\t\t\t\t\t\t\t\t\t\t\t\t\t\t\t<p>Wie du vielleicht wei\u00dft streame ich live auf Twitch und bekomme hier immer wieder die R\u00fcckmeldung, dass die Twitch Benachrichtigungsfunktion&hellip;<\/p>\n\t\t\t\t\t\t\t\t\t\t\t\t\t\t<a href=\"https:\/\/www.thisa.cc\/?p=536\"\n\t\t\t\t\t\t\t   class=\"kc-post-2-button\">Read more <i\n\t\t\t\t\t\t\t\t\tclass=\"fa fa-angle-right\" aria-hidden=\"true\"><\/i><\/a>\n\t\t\t\t\t\t\t\t\t\t\t\t\t<\/div>\n\t\t\t\t\t\t<div class=\"post-item-right\">\n\t\t\t\t\t\t\t<figure>\n\t\t\t\t\t\t\t\t<img src=\"https:\/\/www.thisa.cc\/wp-content\/uploads\/2023\/02\/SUBsign-scaled-543x304xct.jpg\"\n\t\t\t\t\t\t\t\t     alt=\"SUBsign | Ein Muss f\u00fcr jeden Twitch Zuschauer\">\n\t\t\t\t\t\t\t<\/figure>\n\t\t\t\t\t\t<\/div>\n\n\t\t\t\t\t\n\t\t\t\t<\/div>\n\n\t\t\t\t\n\t\n<\/div>\n<div class=\"kc-elm kc-css-863017\" style=\"height: 20px; clear: both; width:100%;\"><\/div><\/div><\/div><\/div><\/div><\/section><section data-kc-fullwidth=\"row\" class=\"kc-elm kc-css-578544 kc_row\"><div class=\"kc-row-container  kc-container\"><div class=\"kc-wrap-columns\"><div class=\"kc-elm kc-css-620959 kc_col-sm-12 kc_column kc_col-sm-12\"><div class=\"kc-col-container\"><div class=\"kc-elm kc-css-662576\" style=\"height: 120px; clear: both; width:100%;\"><\/div><\/div><\/div><\/div><\/div><\/section><section id=\"THISA\" class=\"kc-elm kc-css-404926 kc_row\"><div class=\"kc-row-container  kc-container\"><div class=\"kc-wrap-columns\"><div class=\"kc-elm kc-css-441140 kc_col-sm-12 kc_column kc_col-sm-12\"><div class=\"kc-col-container\"><div class=\"kc-elm kc-css-258709\" style=\"height: 80px; clear: both; width:100%;\"><\/div><div class=\"kc-elm kc-css-132302 kc_text_block\"><\/p>\n<h3>THISA<\/h3>\n<p>\n<\/div><div class=\"kc-elm kc-css-489310 kc_text_block\"><\/p>\n<p>\nTHISA ist mein Spitzname aus Kindertagen und genau so lange wie ich diesen Namen trage muss ich immer Neues ausprobieren, Dinge bauen und Ideen verwirklichen.<\/p>\n<p>Meine Projekte setze ich in ganz unterschiedlichen Bereichen um. Ob Elektronik mit Raspberry und\/oder Arduinos, Holz oder Stahl, von allem ist etwas dabei. Selbst unterwegs beim Angeln oder wenn ich mich um meine Bienen k\u00fcmmere kannst du mich in Zukunft begleiten. Wenn du Interesse daran hast, freue ich mich nat\u00fcrlich wenn du mir auf einem der Kan\u00e4le folgst.<\/p>\n<p>\n<\/div><\/div><\/div><\/div><\/div><\/section><section class=\"kc-elm kc-css-17475 kc_row\"><div class=\"kc-row-container  kc-container\"><div class=\"kc-wrap-columns\"><div class=\"kc-elm kc-css-734475 kc_col-sm-12 kc_column kc_col-sm-12\"><div class=\"kc-col-container\"><div class=\"kc-elm kc-css-610886\" style=\"height: 80px; clear: both; width:100%;\"><\/div><\/div><\/div><\/div><\/div><\/section><section data-kc-equalheight=\"true\" data-kc-equalheight-align=\"middle\" class=\"kc-elm kc-css-950969 kc_row\"><div class=\"kc-row-container  kc-container\"><div class=\"kc-wrap-columns\"><div class=\"kc-elm kc-css-513065 kc_col-sm-3 kc_column kc_col-sm-3\"><div class=\"kc-col-container\"><div class=\"kc-elm kc-css-708113 kc_shortcode kc_single_image\">\n\n        <a  href=\"https:\/\/twitch.tv\/thisa_cc\/ \" title=\"\" target=\"_self\">\n        <img src=\"https:\/\/www.thisa.cc\/wp-content\/uploads\/2020\/08\/twitch-logo-blau.png\" class=\"\" alt=\"\" \/>    <\/a>\n    <\/div>\n<\/div><\/div><div class=\"kc-elm kc-css-486527 kc_col-sm-3 kc_column kc_col-sm-3\"><div class=\"kc-col-container\"><div class=\"kc-elm kc-css-869388 kc_shortcode kc_single_image\">\n\n        <a  href=\"https:\/\/www.youtube.com\/channel\/UCXAhFlKzRwqnbY2FPjLqf0g\" title=\"\" target=\"_self\">\n        <img src=\"https:\/\/www.thisa.cc\/wp-content\/uploads\/2020\/08\/cropped-Logo_THISA_2020-150x150xc.png\" class=\"\" alt=\"\" \/>    <\/a>\n    <\/div>\n<div class=\"kc-elm kc-css-510995 kc_text_block\"><\/p>\n<p style=\"text-align: center;\">YouTube<\/p>\n<p>\n<\/div><\/div><\/div><div class=\"kc-elm kc-css-284202 kc_col-sm-3 kc_column kc_col-sm-3\"><div class=\"kc-col-container\"><div class=\"kc-elm kc-css-967358 kc_shortcode kc_single_image\">\n\n        <a  href=\"https:\/\/www.youtube.com\/channel\/UCXp4FTTL6fxKwAk99SCwmWA\" title=\"\" target=\"_blank\">\n        <img src=\"https:\/\/www.thisa.cc\/wp-content\/uploads\/2022\/01\/THISA_TECH_Logo_2022-150x150xc.png\" class=\"\" alt=\"\" \/>    <\/a>\n    <\/div>\n<div class=\"kc-elm kc-css-988073 kc_text_block\"><\/p>\n<p style=\"text-align: center;\">YouTube<\/p>\n<p>\n<\/div><\/div><\/div><div class=\"kc-elm kc-css-214423 kc_col-sm-3 kc_column kc_col-sm-3\"><div class=\"kc-col-container\"><div class=\"kc-elm kc-css-950141 kc_shortcode kc_single_image\">\n\n        <a  href=\"http:\/\/instagram.thisa.cc\" title=\"\" target=\"_self\">\n        <img src=\"https:\/\/www.thisa.cc\/wp-content\/uploads\/2020\/08\/Instagram_logo_blau.png\" class=\"\" alt=\"\" \/>    <\/a>\n    <\/div>\n<\/div><\/div><\/div><\/div><\/section><\/p>\n","protected":false},"excerpt":{"rendered":"","protected":false},"author":1,"featured_media":0,"parent":0,"menu_order":0,"comment_status":"closed","ping_status":"closed","template":"page-templates\/page_front-page.php","meta":[],"yoast_head":"<!-- This site is optimized with the Yoast SEO plugin v19.8 - https:\/\/yoast.com\/wordpress\/plugins\/seo\/ -->\n<title>Start | Thisa<\/title>\n<meta name=\"robots\" content=\"index, follow, max-snippet:-1, max-image-preview:large, max-video-preview:-1\" \/>\n<link rel=\"canonical\" href=\"https:\/\/www.thisa.cc\/\" \/>\n<meta property=\"og:locale\" content=\"de_DE\" \/>\n<meta property=\"og:type\" content=\"article\" \/>\n<meta property=\"og:title\" content=\"Start | Thisa\" \/>\n<meta property=\"og:description\" content=\"Raspberry Pi &#8211; Cryptow\u00e4hrung MONERO sch\u00fcrfen ist aufregend | YouTube Thisa Januar 17 2022 IT Wie du die Cryptow\u00e4hrung MONERO mit deinem [&hellip;]\" \/>\n<meta property=\"og:url\" content=\"https:\/\/www.thisa.cc\/\" \/>\n<meta property=\"og:site_name\" content=\"Thisa\" \/>\n<meta property=\"article:modified_time\" content=\"2022-02-10T12:24:45+00:00\" \/>\n<meta property=\"og:image\" content=\"https:\/\/www.thisa.cc\/wp-content\/uploads\/2022\/01\/Thumbnail2022_RaspberryPi-MONERO-minen-543x304xct.png\" \/>\n<meta name=\"twitter:card\" content=\"summary_large_image\" \/>\n<meta name=\"twitter:label1\" content=\"Gesch\u00e4tzte Lesezeit\" \/>\n\t<meta name=\"twitter:data1\" content=\"2\u00a0Minuten\" \/>\n<script type=\"application\/ld+json\" class=\"yoast-schema-graph\">{\"@context\":\"https:\/\/schema.org\",\"@graph\":[{\"@type\":\"WebPage\",\"@id\":\"https:\/\/www.thisa.cc\/\",\"url\":\"https:\/\/www.thisa.cc\/\",\"name\":\"Start | Thisa\",\"isPartOf\":{\"@id\":\"https:\/\/www.thisa.cc\/#website\"},\"datePublished\":\"2020-08-09T12:34:06+00:00\",\"dateModified\":\"2022-02-10T12:24:45+00:00\",\"breadcrumb\":{\"@id\":\"https:\/\/www.thisa.cc\/#breadcrumb\"},\"inLanguage\":\"de\",\"potentialAction\":[{\"@type\":\"ReadAction\",\"target\":[\"https:\/\/www.thisa.cc\/\"]}]},{\"@type\":\"BreadcrumbList\",\"@id\":\"https:\/\/www.thisa.cc\/#breadcrumb\",\"itemListElement\":[{\"@type\":\"ListItem\",\"position\":1,\"name\":\"Startseite\",\"item\":\"https:\/\/www.thisa.cc\/\"},{\"@type\":\"ListItem\",\"position\":2,\"name\":\"Start\"}]},{\"@type\":\"WebSite\",\"@id\":\"https:\/\/www.thisa.cc\/#website\",\"url\":\"https:\/\/www.thisa.cc\/\",\"name\":\"Thisa\",\"description\":\"Maker || Hausautomatisierung || Woodworking || Vanlife\",\"publisher\":{\"@id\":\"https:\/\/www.thisa.cc\/#\/schema\/person\/c5ac006c7aaacaaeb689eea636d70700\"},\"potentialAction\":[{\"@type\":\"SearchAction\",\"target\":{\"@type\":\"EntryPoint\",\"urlTemplate\":\"https:\/\/www.thisa.cc\/?s={search_term_string}\"},\"query-input\":\"required name=search_term_string\"}],\"inLanguage\":\"de\"},{\"@type\":[\"Person\",\"Organization\"],\"@id\":\"https:\/\/www.thisa.cc\/#\/schema\/person\/c5ac006c7aaacaaeb689eea636d70700\",\"name\":\"Thisa\",\"image\":{\"@type\":\"ImageObject\",\"inLanguage\":\"de\",\"@id\":\"https:\/\/www.thisa.cc\/#\/schema\/person\/image\/\",\"url\":\"https:\/\/secure.gravatar.com\/avatar\/22207f764f9295db22b89ed1947fd004?s=96&d=mm&r=g\",\"contentUrl\":\"https:\/\/secure.gravatar.com\/avatar\/22207f764f9295db22b89ed1947fd004?s=96&d=mm&r=g\",\"caption\":\"Thisa\"},\"logo\":{\"@id\":\"https:\/\/www.thisa.cc\/#\/schema\/person\/image\/\"}}]}<\/script>\n<!-- \/ Yoast SEO plugin. -->","yoast_head_json":{"title":"Start | Thisa","robots":{"index":"index","follow":"follow","max-snippet":"max-snippet:-1","max-image-preview":"max-image-preview:large","max-video-preview":"max-video-preview:-1"},"canonical":"https:\/\/www.thisa.cc\/","og_locale":"de_DE","og_type":"article","og_title":"Start | Thisa","og_description":"Raspberry Pi &#8211; Cryptow\u00e4hrung MONERO sch\u00fcrfen ist aufregend | YouTube Thisa Januar 17 2022 IT Wie du die Cryptow\u00e4hrung MONERO mit deinem [&hellip;]","og_url":"https:\/\/www.thisa.cc\/","og_site_name":"Thisa","article_modified_time":"2022-02-10T12:24:45+00:00","og_image":[{"url":"https:\/\/www.thisa.cc\/wp-content\/uploads\/2022\/01\/Thumbnail2022_RaspberryPi-MONERO-minen-543x304xct.png"}],"twitter_card":"summary_large_image","twitter_misc":{"Gesch\u00e4tzte Lesezeit":"2\u00a0Minuten"},"schema":{"@context":"https:\/\/schema.org","@graph":[{"@type":"WebPage","@id":"https:\/\/www.thisa.cc\/","url":"https:\/\/www.thisa.cc\/","name":"Start | Thisa","isPartOf":{"@id":"https:\/\/www.thisa.cc\/#website"},"datePublished":"2020-08-09T12:34:06+00:00","dateModified":"2022-02-10T12:24:45+00:00","breadcrumb":{"@id":"https:\/\/www.thisa.cc\/#breadcrumb"},"inLanguage":"de","potentialAction":[{"@type":"ReadAction","target":["https:\/\/www.thisa.cc\/"]}]},{"@type":"BreadcrumbList","@id":"https:\/\/www.thisa.cc\/#breadcrumb","itemListElement":[{"@type":"ListItem","position":1,"name":"Startseite","item":"https:\/\/www.thisa.cc\/"},{"@type":"ListItem","position":2,"name":"Start"}]},{"@type":"WebSite","@id":"https:\/\/www.thisa.cc\/#website","url":"https:\/\/www.thisa.cc\/","name":"Thisa","description":"Maker || Hausautomatisierung || Woodworking || Vanlife","publisher":{"@id":"https:\/\/www.thisa.cc\/#\/schema\/person\/c5ac006c7aaacaaeb689eea636d70700"},"potentialAction":[{"@type":"SearchAction","target":{"@type":"EntryPoint","urlTemplate":"https:\/\/www.thisa.cc\/?s={search_term_string}"},"query-input":"required name=search_term_string"}],"inLanguage":"de"},{"@type":["Person","Organization"],"@id":"https:\/\/www.thisa.cc\/#\/schema\/person\/c5ac006c7aaacaaeb689eea636d70700","name":"Thisa","image":{"@type":"ImageObject","inLanguage":"de","@id":"https:\/\/www.thisa.cc\/#\/schema\/person\/image\/","url":"https:\/\/secure.gravatar.com\/avatar\/22207f764f9295db22b89ed1947fd004?s=96&d=mm&r=g","contentUrl":"https:\/\/secure.gravatar.com\/avatar\/22207f764f9295db22b89ed1947fd004?s=96&d=mm&r=g","caption":"Thisa"},"logo":{"@id":"https:\/\/www.thisa.cc\/#\/schema\/person\/image\/"}}]}},"wps_subtitle":"","_links":{"self":[{"href":"https:\/\/www.thisa.cc\/index.php?rest_route=\/wp\/v2\/pages\/185"}],"collection":[{"href":"https:\/\/www.thisa.cc\/index.php?rest_route=\/wp\/v2\/pages"}],"about":[{"href":"https:\/\/www.thisa.cc\/index.php?rest_route=\/wp\/v2\/types\/page"}],"author":[{"embeddable":true,"href":"https:\/\/www.thisa.cc\/index.php?rest_route=\/wp\/v2\/users\/1"}],"replies":[{"embeddable":true,"href":"https:\/\/www.thisa.cc\/index.php?rest_route=%2Fwp%2Fv2%2Fcomments&post=185"}],"version-history":[{"count":40,"href":"https:\/\/www.thisa.cc\/index.php?rest_route=\/wp\/v2\/pages\/185\/revisions"}],"predecessor-version":[{"id":252,"href":"https:\/\/www.thisa.cc\/index.php?rest_route=\/wp\/v2\/pages\/185\/revisions\/252"}],"wp:attachment":[{"href":"https:\/\/www.thisa.cc\/index.php?rest_route=%2Fwp%2Fv2%2Fmedia&parent=185"}],"curies":[{"name":"wp","href":"https:\/\/api.w.org\/{rel}","templated":true}]}}